{"id":2,"date":"2016-05-10T03:48:21","date_gmt":"2016-05-10T03:48:21","guid":{"rendered":"http:\/\/wp.eb59.de\/?page_id=2"},"modified":"2018-08-17T06:37:51","modified_gmt":"2018-08-17T06:37:51","slug":"sample-page","status":"publish","type":"page","link":"http:\/\/ontour.eb59.de\/?page_id=2","title":{"rendered":"Copyright-Information"},"content":{"rendered":"<p>Alle Bilder und Texte in diesem Angebot unterliegen dem Urheberrecht.<br \/>\nVer\u00f6ffentlichungen auch nur Auszugsweise d\u00fcrfen nur mit ausdr\u00fccklicher<br \/>\nGenehmigung der Brenneisens erfolgen.<\/p>\n","protected":false},"excerpt":{"rendered":"<p>Alle Bilder und Texte in diesem Angebot unterliegen dem Urheberrecht. Ver\u00f6ffentlichungen auch nur Auszugsweise d\u00fcrfen nur mit ausdr\u00fccklicher Genehmigung der Brenneisens erfolgen.<\/p>\n","protected":false},"author":2,"featured_media":0,"parent":0,"menu_order":0,"comment_status":"closed","ping_status":"open","template":"","meta":{"ngg_post_thumbnail":0,"footnotes":""},"class_list":["post-2","page","type-page","status-publish","hentry"],"_links":{"self":[{"href":"http:\/\/ontour.eb59.de\/index.php?rest_route=\/wp\/v2\/pages\/2","targetHints":{"allow":["GET"]}}],"collection":[{"href":"http:\/\/ontour.eb59.de\/index.php?rest_route=\/wp\/v2\/pages"}],"about":[{"href":"http:\/\/ontour.eb59.de\/index.php?rest_route=\/wp\/v2\/types\/page"}],"author":[{"embeddable":true,"href":"http:\/\/ontour.eb59.de\/index.php?rest_route=\/wp\/v2\/users\/2"}],"replies":[{"embeddable":true,"href":"http:\/\/ontour.eb59.de\/index.php?rest_route=%2Fwp%2Fv2%2Fcomments&post=2"}],"version-history":[{"count":2,"href":"http:\/\/ontour.eb59.de\/index.php?rest_route=\/wp\/v2\/pages\/2\/revisions"}],"predecessor-version":[{"id":21,"href":"http:\/\/ontour.eb59.de\/index.php?rest_route=\/wp\/v2\/pages\/2\/revisions\/21"}],"wp:attachment":[{"href":"http:\/\/ontour.eb59.de\/index.php?rest_route=%2Fwp%2Fv2%2Fmedia&parent=2"}],"curies":[{"name":"wp","href":"https:\/\/api.w.org\/{rel}","templated":true}]}}